{"id":237,"date":"2015-10-23T05:38:18","date_gmt":"2015-10-23T05:38:18","guid":{"rendered":"http:\/\/begegnung-lienen.de\/?page_id=237"},"modified":"2024-06-13T09:53:59","modified_gmt":"2024-06-13T09:53:59","slug":"mitarbeit","status":"publish","type":"page","link":"http:\/\/begegnung-lienen.de\/?page_id=237","title":{"rendered":"Mitarbeit"},"content":{"rendered":"\n<p><strong>Bitte beachten Sie:<\/strong><\/p>\n\n\n\n<p><strong>Die Unterst\u00fctzerInnen der Fl\u00fcchtlinge in Lienen haben Anfang 2024 eine umfangreiche Umstrukturierung ihrer Organisationsform begonnen und sind in der Umsetzungsphase neuer Konzepte. Die hier genannten Kontaktadressen sind derzeit nicht aktuell.<\/strong><\/p>\n\n\n<p><strong>Arbeitsgruppen der Fl\u00fcchtlingshilfe Lienen<\/strong><\/p>\n<p>In Lienen gibt es eine lange Tradition der Unterst\u00fctzung sozial Benachteiligter, von Fl\u00fcchtlingen und Asylsuchenden. Kirchen, die AWO, Schulen, Verb\u00e4nde, die Gemeinde und viele Einzelpersonen haben hier seit Jahrzehnten ein Klima des Respekts und der Solidarit\u00e4t geschaffen.<br \/>\nSeit Ende 2014 bem\u00fchen sich zahlreiche Lienener um die jetzt zu uns kommenden Menschen. Wir sind Lienener B\u00fcrgerinnen und B\u00fcrger, die sich regelm\u00e4\u00dfig mit den Fl\u00fcchtlingen in Lienen treffen und versuchen, den Menschen das Einleben in der f\u00fcr sie fremden Umgebung zu erleichtern. Die ehrenamtlich t\u00e4tige Fl\u00fcchtlingshilfe ist Partner der AWO.<br \/>\nUm Au\u00dfenstehenden den \u00dcberblick und Interessierten den Einstieg zu erleichtern, haben wir lockere Arbeitsgruppen gebildet. Daneben gibt es noch viele Einzelaktivit\u00e4ten.<\/p>\n<p><strong>Haben Sie Lust und Zeit, bei uns mitzuarbeiten?<\/strong><br \/>\nWir freuen uns \u00fcber Sie, \u00fcber neue Ideen und Ans\u00e4tze und Ihre Mithilfe zur \u201eBegegnung in Lienen\u201c &#8211; Kontakt \u00fcber:<\/p>\n<p>info@begegnung-lienen.de<\/p>\n<p><strong>Zur Zeit bestehende Arbeitsgruppen<\/strong><\/p>\n<p><strong>Kattenvenne<\/strong><br \/>\nAnsprechpartner\/in: Adelheid und Georg Kubitz, 05484-1627 &#8211; info@begegnung-lienen.de<\/p>\n<p><strong>Finanzrat<\/strong><br \/>\nAnsprechpartner\/in: Lisa Hilburg, lisa.hilburg@begegnung-lienen.de<br \/>\nMargitta Waldhoff, margitta.eckhard.waldhoff@begegnung-lienen.de<\/p>\n<p><strong>Buchhaltung<\/strong><br \/>\nAnsprechpartner\/in: Sigrid Henkelmann &#8211; info@begegnung-lienen.de<\/p>\n<p><strong>Kleiderfundus<br \/>\n<\/strong><\/p>\n<p>info@begegnung-lienen.de<\/p>\n<p><strong>Deutschkurs<\/strong><br \/>\nNach Absprache finden Deutschkurse f\u00fcr Anf\u00e4nger und Fortgeschrittene in der kleinen AWO statt <a href=\"http:\/\/begegnung-lienen.de\/\" target=\"_blank\" rel=\"noopener noreferrer\">Termine im Kalender auf der Startseite<\/a>.<br \/>\nAnsprechpartner\/in: Margitta Waldhoff, margitta.eckhard.waldhoff@begegnung-lienen.de<br \/>\nEckhard Waldhoff unterst\u00fctzt die Deutschkurse, Eckhard Waldhoff, margitta.eckhard.waldhoff@begegnung-lienen.de<br \/>\n<!--Karl-Heinz Beckmann, 05483-8826--><\/p>\n<p><strong>Begegnungstreffen<\/strong><\/p>\n<p><strong>Hausaufgabenhilfe in der OGGS<\/strong><br \/>\nDie meisten Fl\u00fcchtlingskinder gehen in die Offene Ganztagsgrundschule, wo sie auch ihre Hausarbeiten erledigen. Ehrenamtliche Helferinnen und Helfer unterst\u00fctzen die Fachkr\u00e4fte stundenweise.<br \/>\nAnsprechpartner\/in: Annette Niederdalhoff<\/p>\n<p><strong>Fahrr\u00e4der<\/strong><br \/>\nWir versuchen, in Kooperation mit der Fahrrad-AG der Hauptschule Lienen, Reinhard Niemeyer, die Gefl\u00fcchteten mit gespendeten Fahrr\u00e4dern auszustatten.<br \/>\nAnsprechpartner\/in: Fahrrad-AG Hauptschule Lienen, Reinhard Niemeyer, reinhard.niemeyer@begegnung-lienen.de oder info@begegnung-lienen.de<\/p>\n<p><strong>Koordination Patenschaften<\/strong><br \/>\nBei sog. Patenschaften wird eine Einzelperson oder eine Familie \u00fcber eine l\u00e4ngere Zeit intensiv begleitet.<br \/>\ninfo@begegnung-lienen.de<\/p>\n<p><strong>Fahrdienste<\/strong><\/p>\n<p>info@begegnung-lienen.de<\/p>\n<p><strong>Betreuung der Internetseite<\/strong><br \/>\nAnsprechpartner\/in: Falko Pr\u00fcnte, falko.pruente@begegnung-lienen.de<\/p>","protected":false},"excerpt":{"rendered":"<p>Bitte beachten Sie: Die Unterst\u00fctzerInnen der Fl\u00fcchtlinge in Lienen haben Anfang 2024 eine umfangreiche Umstrukturierung ihrer Organisationsform begonnen und sind in der Umsetzungsphase neuer Konzepte. Die hier genannten Kontaktadressen sind derzeit nicht aktuell. Arbeitsgruppen der Fl\u00fcchtlingshilfe Lienen In Lienen gibt es eine lange Tradition der Unterst\u00fctzung sozial Benachteiligter, von Fl\u00fcchtlingen und Asylsuchenden. Kirchen, die AWO, [&hellip;]<\/p>\n","protected":false},"author":2,"featured_media":0,"parent":0,"menu_order":1,"comment_status":"closed","ping_status":"closed","template":"","meta":{"footnotes":""},"class_list":["post-237","page","type-page","status-publish","hentry"],"_links":{"self":[{"href":"http:\/\/begegnung-lienen.de\/index.php?rest_route=\/wp\/v2\/pages\/237"}],"collection":[{"href":"http:\/\/begegnung-lienen.de\/index.php?rest_route=\/wp\/v2\/pages"}],"about":[{"href":"http:\/\/begegnung-lienen.de\/index.php?rest_route=\/wp\/v2\/types\/page"}],"author":[{"embeddable":true,"href":"http:\/\/begegnung-lienen.de\/index.php?rest_route=\/wp\/v2\/users\/2"}],"replies":[{"embeddable":true,"href":"http:\/\/begegnung-lienen.de\/index.php?rest_route=%2Fwp%2Fv2%2Fcomments&post=237"}],"version-history":[{"count":37,"href":"http:\/\/begegnung-lienen.de\/index.php?rest_route=\/wp\/v2\/pages\/237\/revisions"}],"predecessor-version":[{"id":1229,"href":"http:\/\/begegnung-lienen.de\/index.php?rest_route=\/wp\/v2\/pages\/237\/revisions\/1229"}],"wp:attachment":[{"href":"http:\/\/begegnung-lienen.de\/index.php?rest_route=%2Fwp%2Fv2%2Fmedia&parent=237"}],"curies":[{"name":"wp","href":"https:\/\/api.w.org\/{rel}","templated":true}]}}