{"id":439,"date":"2016-02-02T07:32:49","date_gmt":"2016-02-02T07:32:49","guid":{"rendered":"http:\/\/begegnung-lienen.de\/?page_id=439"},"modified":"2017-02-07T10:17:35","modified_gmt":"2017-02-07T10:17:35","slug":"arbeitshilfen","status":"publish","type":"page","link":"http:\/\/begegnung-lienen.de\/?page_id=439","title":{"rendered":"Arbeitshilfen\/Links"},"content":{"rendered":"<p><strong>Hilfreiche Links &#8211; Informationen<\/strong><\/p>\n<p><a href=\"#Links\">Hilfreiche Links (nach Datum des Eingangs)<\/a><\/p>\n<p><a href=\"#Schwangere\">Hier geht es zu Informationen f\u00fcr die Betreuung von Schwangeren und jungen M\u00fcttern<\/a><\/p>\n<p><a name=\"Links\"><\/a><\/p>\n<p><strong>Hilfreiche Links<\/strong><\/p>\n<p><a href=\"https:\/\/www.hanisauland.de\/lexikon\/lexikon-arabisch\/\" target=\"_blank\">https:\/\/www.hanisauland.de\/lexikon\/lexikon-arabisch\/<\/a> &#8211; Die Bundeszentrale f\u00fcr politische Bildung vermittelt Kindern und Jugendlichen spielerisch die Welt der Politik, nicht nur auf arabisch<\/p>\n<p><a href=\"http:\/\/www.innatura.org\/\" target=\"_blank\">http:\/\/www.innatura.org\/<\/a> &#8211; Innatura vermittelt Sachspenden f\u00fcr soziale Zwecke<\/p>\n<p><a href=\"https:\/\/www.anerkennung-in-deutschland.de\/html\/de\/\" target=\"_blank\">https:\/\/www.anerkennung-in-deutschland.de\/html\/de\/<\/a> &#8211; Informationsportal der Bundesregierung zur Anerkennung ausl\u00e4ndischer Berufsqualifikationen<\/p>\n<p><a href=\"http:\/\/www.germanroadsafety.de\/information-materials\/de\/index.html\" target=\"_blank\">http:\/\/www.germanroadsafety.de\/information-materials\/de\/index.html<\/a> &#8211; Materialien und Hintergrundinformationen zum Thema Verkehrssicherheit im Strassenverkehr<\/p>\n<p><a href=\"http:\/\/www.berlin.de\/lb\/intmig\/service\/interkultureller-kalender\/\" target=\"_blank\">http:\/\/www.berlin.de\/lb\/intmig\/service\/interkultureller-kalender\/<\/a> &#8211; Interkultureller Kalender des Beauftragten des Berliner Senats f\u00fcr Integration und Migration<\/p>\n<p><a href=\"http:\/\/lernox.de\/\" target=\"_blank\">http:\/\/lernox.de\/<\/a> &#8211; lernox bietet eine Lernplattform, die Online-Materialien zum Deutschlernen aus unterschiedlichen Quellen vereint und teilt<\/p>\n<p><a href=\"http:\/\/www.rassismuskritik-bw.de\/erklaervideo\/\" target=\"_blank\">http:\/\/www.rassismuskritik-bw.de\/erklaervideo<\/a> &#8211; Charmantes Video mit einem differenzierten Blick auf ehrenamtliches Engagement in der Fl\u00fcchtlingshilfe des IQ Netzwerkes Baden-W\u00fcrttemberg<\/p>\n<p><a href=\"http:\/\/www.asyl.net\/startseite\/nachrichten\/artikel\/56014.html\" target=\"_blank\">http:\/\/www.asyl.net\/startseite\/nachrichten\/artikel\/56014.html<\/a> &#8211; Musterklage zur Erlangung des Fl\u00fcchtlingsschutzes f\u00fcr Asylsuchende aus Syrien (nach Gew\u00e4hrung des subsidi\u00e4ren Schutzes)<\/p>\n<p><a href=\"http:\/\/www.asyl.net\/index.php?id=337\" target=\"_blank\">http:\/\/www.asyl.net\/index.php?id=337<\/a> &#8211; Mehrsprachige Informationen zur Anh\u00f6rung im Asylverfahren vom Informationsverbund Asyl &amp; Migration<\/p>\n<p><a href=\"http:\/\/www.gib.nrw.de\/service\/downloaddatenbank\/junge-gefluechtete\" target=\"_blank\">www.gib.nrw.de\/service\/downloaddatenbank\/junge-gefluechtete<\/a> &#8211; Aktuelle (18.06.2016) Zusammenstellung von F\u00f6rderm\u00f6glichkeiten f\u00fcr junge Gefl\u00fcchtete.<\/p>\n<p><a href=\"http:\/\/www.br.de\/nachrichten\/aktuelles\/infografik-fluechtlinge-asylverfahren-104.html\" target=\"_blank\">www.br.de\/nachrichten\/aktuelles\/infografik-fluechtlinge-asylverfahren-104.html<\/a><br \/>\n\u00dcbersicht zum Asylverfahren &#8211; eine anschauliche Infografik des BR<\/p>\n<p><a href=\"http:\/\/www.zanzu.de\" target=\"_blank\">www.zanzu.de<\/a><br \/>\nDie Internetseite <a href=\"http:\/\/www.zanzu.de\" target=\"_blank\">www.zanzu.de<\/a> (&#8222;Mein K\u00f6rper in Wort und Bild&#8220;) wird von der Bundeszentrale f\u00fcr gesundheitliche Aufkl\u00e4rung ins Netz gestellt. In verschiedensten Sprachen wird Frau aufgekl\u00e4rt \u00fcber alle m\u00f6glichen Themen aus dem Bereich der Sexualit\u00e4t.<\/p>\n<p><a href=\"http:\/\/www.refugeephrasebook.de\" target=\"_blank\">Refugee Phrasebook<\/a><br \/>\nDas Refugee Phrasebook ist ein nicht-kommerzielles Online-W\u00f6rterbuch, das von einfachen Floskeln bis zu medizinischem Fachvokabular reicht &#8211; auch als pdf-Ausdruckversion auf der Seite verf\u00fcgbar (z. B. <a href=\"http:\/\/www.refugeephrasebook.de\/pdf\/germany150920.pdf\" target=\"_blank\">die Langfassung<\/a>).<\/p>\n<p><a href=\"http:\/\/www.meine-caritas.de\/files\/newsletters\/d7272cc8-00bb-4a05-bb41-dd555f37567f\/27e3d05b-75f4-46bf-a4f1-d9ea7f39ba68\/documents\/Der%20Parit%C3%A4tische_broschuere_junge_fluechtlinge_zugang_zu_ausbildung_und_foerderung_2015.pdf\" target=\"_blank\">Brosch\u00fcre zur Berufsausbildung des Parit\u00e4tischen<\/a><br \/>\nDie Brosch\u00fcre des PARIT\u00c4TISCHEN Gesamtverbandes bietet hilfreiche Informationen zur Berufsausbildung und zur finanziellen Ausbildungsf\u00f6rderung von jungen Gefl\u00fcchteten.<\/p>\n<p><a href=\"http:\/\/www.dihk.de\/presse\/meldungen\/2016-01-08-dihk-leitfaden-fluechtlinge\" target=\"_blank\">http:\/\/www.dihk.de\/presse\/meldungen\/2016-01-08-dihk-leitfaden-fluechtlinge<\/a><br \/>\nAn interessierte Arbeitgeber richtet sich der Leitfaden des Deutschen Industrie- und Handelskammertages zur Integration von Fl\u00fcchtlingen in Ausbildung und Besch\u00e4ftigung. Der Leitfaden steht auf der Internetseite des DIHK zum download bereit.<\/p>\n<p><a href=\"http:\/\/www.wir-zusammen.de\" target=\"_blank\">www.wir-zusammen.de<\/a><br \/>\nUnternehmen der deutschen Wirtschaft haben sich in der Integrationsinitiative \u201ewir zusammen\u201c verbunden, um mit unterschiedlichen Projekten die Integration von Gefl\u00fcchteten zu unterst\u00fctzen. Die beteiligten Unternehmen, Projektbeispiele und Tipps f\u00fcr Arbeitgeber sind auf der Internetseite zu finden.<\/p>\n<p><a href=\"http:\/\/begegnung-lienen.de\/download\/Anlage_BA-Information-Westbalkan-1.pdf\" target=\"_blank\">Informationen zur Aufenthaltserlaubnis, zu Voraussetzungen und Verfahren zu Arbeit und Leben in Deutschland (f\u00fcr Zuwanderer aus dem Westbalkan)<\/a> [01.02.2016 1,4 MB]<\/p>\n<p><a href=\"http:\/\/www.verbraucherzentrale.de\" target=\"_blank\">www.verbraucherzentrale.de<\/a><br \/>\nPraktische Tipps f\u00fcr Fl\u00fcchtlingshelfer von Versicherung im Ehrenamt bis Kontoer\u00f6ffnung f\u00fcr Asylbewerber<\/p>\n<p><a href=\"http:\/\/wiku-koeln.de\/wordpress\/wp-content\/uploads\/2015\/12\/caritas_ratgeber_ehrenamt_fluechtlinge.pdf\" target=\"_blank\">http:\/\/wiku-koeln.de\/wordpress\/wp-content\/uploads\/2015\/12\/caritas_ratgeber_ehrenamt_fluechtlinge.pdf<\/a><br \/>\nRatgeber f\u00fcr Fl\u00fcchtlingshelfer, herausgegeben von der Stadt K\u00f6ln<\/p>\n<p><a href=\"http:\/\/www.diakonie-rwl.de\/cms\/media\/\/pdf\/aktuelles\/2015-pdf\/Diakonie%20-%20Unter%20dem%20Schatten%20Web.pdf\" target=\"_blank\">http:\/\/www.diakonie-rwl.de\/cms\/media\/\/pdf\/aktuelles\/2015-pdf\/Diakonie%20-%20Unter%20dem%20Schatten%20Web.pdf<\/a><br \/>\nBrosch\u00fcre \u201eUnter den Schatten Deiner Fl\u00fcgel\u201c der Diakonie; gute allgemeine Orientierung zur ehrenamtlichen Arbeit mit Fl\u00fcchtlingen<\/p>\n<p><a href=\"https:\/\/arztkonsultation.de\/fluechtlinge-verstehen\" target=\"_blank\">https:\/\/arztkonsultation.de\/fluechtlinge-verstehen<\/a><br \/>\nOnline-Dolmetscherdienst, der bei der Behandlung von Fl\u00fcchtlingen kostenlos von \u00c4rzten hinzugezogen werden kann. Erfordert vorherige Anmeldung durch den Arzt<\/p>\n<p><a href=\"http:\/\/www.armut-gesundheit.de\/index.php?id=86#c965\" target=\"_blank\">http:\/\/www.armut-gesundheit.de\/index.php?id=86#c965<\/a><br \/>\nAnamneseb\u00f6gen in verschiedenen Sprachen f\u00fcr den Arztbesuch<\/p>\n<p><a href=\"http:\/\/www.gib-acht-im-verkehr.de\" target=\"_blank\">www.gib-acht-im-verkehr.de <\/a><br \/>\nPlakate zur Verkehrssicherheit in deutsch-englisch-arabisch k\u00f6nnen kostenlos heruntergeladen und in gro\u00dfen Formaten ausgedruckt werden<\/p>\n<p><a href=\"http:\/\/www.frnrw.de\" target=\"_blank\">www.frnrw.de<\/a><br \/>\nDer Fl\u00fcchtlingsrat NRW bietet umfangreiche Informationen, auch zu beh\u00f6rdenunabh\u00e4ngigen Beratungsstellen.<\/p>\n<p><a href=\"http:\/\/www.bleiberecht-netzwerk-steinfurt.de\" target=\"_blank\">www.bleiberecht-netzwerk-steinfurt.de<\/a><br \/>\nThemen und Tipps zur Fl\u00fcchtlingsarbeit im Kreis Steinfurt. Viele weiterf\u00fchrende links<\/p>\n<p><a href=\"http:\/\/www.ggua.de\" target=\"_blank\">www.ggua.de<\/a><br \/>\nGemeinn\u00fctzige Gesellschaft zur Unterst\u00fctzung Asylsuchender e.V.<br \/>\nVerein aus M\u00fcnster, dessen Mitarbeiter\/innen sich sehr gut zu Fl\u00fcchtlingsthemen auskennen. Die Internetseite ist eine Fundgrube f\u00fcr viele Fragen rund um die Arbeit mit Fl\u00fcchtlingen.<br \/>\nZur ggua geh\u00f6rt auch das Projekt MAMBA \u201eM\u00fcnsters Aktionsprogramm f\u00fcr MigrantInnen und Bleibeberechtigte zur Arbeitsmarktintegration in M\u00fcnster und im M\u00fcnsterland.<br \/>\nDie ggua bietet \u00fcber das ganze Jahr 2016 verteilt interessante Fortbildungsangebote f\u00fcr Ehrenamtliche in der Fl\u00fcchtlingsarbeit. Die Angebote reichen vom Hinterfragen der eigenen Motivation als Helfer bis hin zum Umgang mit Trauer und Tod.<\/p>\n<p><a href=\"http:\/\/www.ggua.de\/fileadmin\/downloads\/Schlauber\/Barrierefrei_15-KIZ-4_FB-ehrenamt_einzelseiten_CLEAN_NM_10_03_HW6.pdf\" target=\"_blank\">http:\/\/www.ggua.de\/fileadmin\/downloads\/Schlauber\/Barrierefrei_15-KIZ-4_FB-ehrenamt_einzelseiten_CLEAN_NM_10_03_HW6.pdf<\/a><\/p>\n<p><a href=\"http:\/\/www.funkhauseuropa.de\/sendungen\/refugeeradio\" target=\"_blank\">http:\/\/www.funkhauseuropa.de\/sendungen\/refugeeradio<\/a><br \/>\nRefugee Radio sendet t\u00e4glich in verschiedenen Sprachen Informationen \u00fcber Deutschland. Man kann auf der Internetseite auch Informationen und Servicetipps herunterladen.<\/p>\n<p><a href=\"http:\/\/www.ankommen.de\" target=\"_blank\">www.ankommen.de<\/a><br \/>\nDie App f\u00fcr Fl\u00fcchtlinge &#8222;Ankommen&#8220; ist ein kostenloser Wegbegleiter zur schnellen und umfassenden Orientierung w\u00e4hrend der ersten Wochen und auf die unmittelbaren Lebensbed\u00fcrfnisse neu in Deutschland an-kommender Menschen zugeschnitten. Ziel ist es, die wichtigsten Informationen zur raschen Integration der Fl\u00fcchtlinge zur Verf\u00fcgung zu stellen: Hinweise zu Werten und Leben in Deutschland finden sich dort ebenso wie Informationen zum Asylverfahren sowie zum Weg in Ausbildung und Arbeit. In die App ist zudem ein kostenloser, multimedialer Sprachkurs integriert, der eine alltagsnahe Unterst\u00fctzung f\u00fcr die ersten Schritte auf Deutsch bietet.<\/p>\n<p><a href=\"http:\/\/www.phase-6.de\" target=\"_blank\">www.phase-6.de<\/a><br \/>\nkostenlose Sprachlern-App f\u00fcr Kinder, die den Grundschulwortschatz f\u00fcr Deutsch als Zweitsprache vermittelt. Die App kanndie heruntergeladen werden (dann kann man auch ohne Internetzugang lernen).<\/p>\n<p><a href=\"http:\/\/www.bundessprachenamt.de\/deutsch\/wir_ueber_uns\/nachrichten\/2015\/20151103\/20151103.htm\" target=\"_blank\">www.bundessprachenamt.de\/deutsch\/wir_ueber_uns\/nachrichten\/2015\/20151103\/20151103.htm<\/a><br \/>\nVerst\u00e4ndigungshilfen auf der Homepage des Bundessprachenamtes zum herunterladen. Die Verst\u00e4ndigungshilfen liegen f\u00fcr die Sprachen Albanisch, Bosnisch, Dari, Englisch, Franz\u00f6sisch, Mazedonisch, Paschtu, Serbisch und Syrisch-Arabisch vor.<\/p>\n<p><a href=\"http:\/\/www.arbeitsagentur.de\" target=\"_blank\">www.arbeitsagentur.de<\/a><br \/>\nRubrik Arbeit und Ausbildung f\u00fcr Asylbewerberinnen und Asylbewerber<\/p>\n<p><a href=\"https:\/\/www.arbeitsagentur.de\/web\/wcm\/idc\/groups\/public\/documents\/webdatei\/mdaw\/mjkw\/~edisp\/l6019022dstbai799563.pdf?_ba.sid=L6019022DSTBAI799633\" target=\"_blank\">https:\/\/www.arbeitsagentur.de\/web\/wcm\/idc\/groups\/public\/documents\/webdatei\/mdaw\/mjkw\/~edisp\/l6019022dstbai799563.pdf?_ba.sid=L6019022DSTBAI799633<\/a><br \/>\nBrosch\u00fcre \u201eArbeiten und Leben in Deutschland\u201c. Informationen zur Aufenthaltserlaubnis, zu Voraussetzungen und Verfahren f\u00fcr Staatsb\u00fcrgerinnen und Staatsb\u00fcrger aus Albanien, Bosnien-Herzegovina, Kosovo, Mazedonien, Montenegro und Serbien<\/p>\n<p><a href=\"http:\/\/www.medicamondiale.org\" target=\"_blank\">www.medicamondiale.org<\/a><br \/>\nunterst\u00fctzt Frauen und M\u00e4dchen aus Kriegs- und Krisengebieten. Viele Hinweise f\u00fcr Ehrenamtliche, z.B. zum Umgang mit traumatisierten Frauen.<\/p>\n<p><a name=\"Schwangere\"><\/a><\/p>\n<p><strong>Informationen f\u00fcr die Unterst\u00fctzung von Schwangeren und jungen M\u00fcttern <\/strong><\/p>\n<p>Die Internetseite <a href=\"http:\/\/www.zanzu.de\" target=\"_blank\">www.zanzu.de<\/a> (&#8222;Mein K\u00f6rper in Wort und Bild&#8220;) wird von der Bundeszentrale f\u00fcr gesundheitliche Aufkl\u00e4rung ins Netz gestellt. In verschiedensten Sprachen wird Frau aufgekl\u00e4rt \u00fcber alle m\u00f6glichen Themen aus dem Bereich der Sexualit\u00e4t.<\/p>\n<p>Vielleicht hilfreich f\u00fcr die Betreuerinnen der M\u00fctter und Schwangeren.<\/p>\n<p><a href=\"http:\/\/begegnung-lienen.de\/wp-content\/uploads\/2016\/02\/information_schwangere-_17022016.pdf\" target=\"_blank\">(Text als pdf)<\/a><\/p>\n<p><strong>Unterst\u00fctzergruppe f\u00fcr Fl\u00fcchtlinge und Asylbewerber Lienen<br \/>\nInformationen f\u00fcr die Unterst\u00fctzung von Schwangeren und jungen M\u00fcttern <\/strong><\/p>\n<p>1. Vor- und Nachsorge bei Schwangerschaft und Geburt<br \/>\nDas Asylbewerberleistungsgesetz (AsylbLG) gibt zu Leistungen bei Krankheit, Schwangerschaft und Geburt (\u00a7 4) vor:<br \/>\n(1) Zur Behandlung akuter Erkrankungen und Schmerzzust\u00e4nde sind die erforderliche \u00e4rztliche und zahn\u00e4rztliche Behandlung einschlie\u00dflich der Versorgung mit Arznei- und Verbandmitteln sowie sonstiger zur Genesung, zur Besserung oder zur Linderung von Krankheiten oder Krankheitsfolgen erforderlichen Leistungen zu gew\u00e4hren. Zur Verh\u00fctung und Fr\u00fcherkennung von Krankheiten werden Schutzimpfungen entsprechend den \u00a7\u00a7 47, 52 Absatz 1 Satz 1 des Zw\u00f6lften Buches Sozialgesetzbuch und die medizinisch gebotenen Vorsorgeuntersuchungen erbracht. Eine Versorgung mit Zahnersatz erfolgt nur, soweit dies im Einzelfall aus medizinischen Gr\u00fcnden unaufschiebbar ist.<br \/>\n(2) Werdenden M\u00fcttern und W\u00f6chnerinnen sind \u00e4rztliche und pflegerische Hilfe und Betreuung, Hebammenhilfe, Arznei-, Verband- und Heilmittel zu gew\u00e4hren.<br \/>\n(3) Die zust\u00e4ndige Beh\u00f6rde stellt die Versorgung mit den Leistungen nach den Abs\u00e4tzen 1 und 2 sicher. Sie stellt auch sicher, dass den Leistungsberechtigten fr\u00fchzeitig eine Vervollst\u00e4ndigung ihres Impfschutzes angeboten wird. Soweit die Leistungen durch niedergelassene \u00c4rzte oder Zahn\u00e4rzte erfolgen, richtet sich die Verg\u00fctung nach den am Ort der Niederlassung des Arztes oder Zahnarztes geltenden Vertr\u00e4gen nach \u00a7 72 Absatz 2 und \u00a7 132e Absatz 1 des F\u00fcnften Buches Sozialgesetzbuch. Die zust\u00e4ndige Beh\u00f6rde bestimmt, welcher Vertrag Anwendung findet.<br \/>\nDie Schwangeren k\u00f6nnen damit wie jede deutsche Frau, die gesetzlich krankenversichert ist, Leistungen von Gyn\u00e4kologen\/innen und Hebammen in Anspruch nehmen. Das Sozialamt der Gemeinde Lienen stellt die notwendigen \u00dcberweisungen aus. Die Lengericher Gyn\u00e4kologinnen Dr. Charfreitag und Dr. Hodak k\u00f6nnen sich mit englischsprachigen Frauen direkt verst\u00e4ndigen. Frauen ohne Deutsch- oder Englischkenntnisse behandeln sie nicht gerne ohne \u00dcbersetzerin. Schon das Ausf\u00fcllen der Anamneseb\u00f6gen stellt oft ein gro\u00dfes sprachliches Problem dar.<br \/>\nDen meisten Frauen sind die bei uns \u00fcblichen gyn\u00e4kologischen Untersuchungen nicht vertraut. Besonders bei den ersten Behandlungen ist es f\u00fcr das Praxispersonal und f\u00fcr die Fl\u00fcchtlingsfrauen sehr entlastend, wenn eine deutsche Begleiterin dabei ist.<br \/>\nBesondere Untersuchungen und Notfallbehandlungen sollten \u2013 soweit dies m\u00f6glich ist \u2013 vorher mit der Gemeindeverwaltung abgesprochen werden, damit vorab gekl\u00e4rt werden kann, ob die Behandlungs- und Fahrtkosten \u00fcbernommen werden. Wenn ein Krankenwagen gerufen wird, ist dies f\u00fcr die Gemeinde sehr teuer. Deshalb sollte man (sofern man involviert ist) pr\u00fcfen, ob vielleicht auch ein Transport mit dem Taxi m\u00f6glich ist.<br \/>\nEs kann sinnvoll sein, dass Ehrenamtliche sich eine Schweigepflichtentbindung ausstellen lassen, wenn komplexere Behandlungen zu organisieren sind.<\/p>\n<p>Von den sechs vorgesehenen Vorsorgeuntersuchungen k\u00f6nnen drei von einer Hebamme in der Wohnung der Schwangeren oder an einem anderen Ort durchgef\u00fchrt werden. Die beiden Hebammen Kira-Maria Sensen (Lienen, Tel. 05483-6 95 90 30)) und Anja Maiwald (Kattenvenne, 05484-82 11) haben sich darauf verst\u00e4ndigt, dass Anja Maiwald sich um alle Fl\u00fcchtlingsfrauen in Lienen und Kattenvenne k\u00fcmmert.<br \/>\nAnja Maiwald kann fast jederzeit angesprochen werden (ab 22 Uhr ist ihr Telefon abgeschaltet).<\/p>\n<p>2. Erstausstattung, Kinderwagen und Co.<br \/>\nDer Kleiderfundus kann eine Vielzahl ben\u00f6tigter Gegenst\u00e4nde (Kinderwagen, Autositze, Maxi Cosy usw.) zur Verf\u00fcgung stellen. Kinderwagen und Maxi Cosy k\u00f6nnen gegen ein Pfand ausgeliehen werden.<br \/>\nWenn m\u00f6glich, sollten die Ehrenamtlichen fr\u00fchzeitig den Bedarf der von ihnen betreuten Frauen beim Kleiderfundus anmelden, damit die Dinge zusammengestellt werden k\u00f6nnen.<br \/>\nDie Ehrenamtlichen sollten die jungen M\u00fctter darauf hinweisen, dass zu kleine Kinderkleidung im Fundus gegen gr\u00f6\u00dfere Kleidung getauscht werden kann.<br \/>\nDer Fundus vereinbart bei Bedarf gerne Sondertermine f\u00fcr die Schwangeren und jungen M\u00fctter.<br \/>\nTelefonnummer des Fundus: 0176-54 666 428<\/p>\n<p>3. Beratungsstellen, finanzielle Unterst\u00fctzung, Empf\u00e4ngnisverh\u00fctung<br \/>\nNach dem Schwangerschaftskonfliktgesetz hat in Deutschland jede Schwangere das Recht auf Beratung in allen die Schwangerschaft betreffenden Fragen in einer Schwangeren-Beratungsstelle ihrer Wahl. Dies schlie\u00dft auch Asylbewerberinnen ein. Die meisten Beratungsstellen vermitteln auch finanzielle Hilfen aus der Mutter-Kind Stiftung. Diese Hilfen sind abh\u00e4ngig vom Einkommen der Schwangeren. Es gibt keinen Rechtsanspruch auf diese Hilfen, es steht nur ein bestimmter Betrag j\u00e4hrlich zur Verf\u00fcgung. Sie k\u00f6nnen also manchmal am Ende des Jahres bereits ausgesch\u00f6pft sein.<br \/>\nDie Beratungsstelle des Kreises Steinfurt ist auch f\u00fcr Lengerich zust\u00e4ndig. Es gibt eine offene Sprechstunde in Lengerich donnerstags von 9:00 Uhr bis 11:00 Uhr im Haus der B\u00fcrgerstiftung Gempt, M\u00fcnsterstra\u00dfe 19. Zust\u00e4ndig ist Anne Garell. Au\u00dferhalb dieser Zeit ist sie f\u00fcr Terminvereinbarungen unter 0151\/54775764 erreichbar. Es gibt auch einen AB, sie ruft zur\u00fcck<br \/>\nDie Beratungsstelle des Kirchenkreises Tecklenburg (Kirchpatt 4, Tel. 05481\/328659 &#8211; es meldet sich die Beratungsstelle bei Trennung und Scheidung) befindet sich ab Februar 2016 mit anderen Beratungseinrichtungen in ein gro\u00dfes Beratungszentrum umziehen (ehemaliges Gesundheitsamt in der Rahestra\u00dfe).<br \/>\nIm Rahmen der Erziehungsberatungsstelle der Diakonie (Im Hook 8, 49525 Lengerich, Tel. 05481\/7009) gibt es das Projekt &#8222;Fr\u00fche Hilfen&#8220; f\u00fcr Schwangere und junge M\u00fctter. Dazu geh\u00f6ren<br \/>\n&#8211; das welcome-Projekt (Unterst\u00fctzung f\u00fcr M\u00fctter von S\u00e4uglingen durch Ehrenamtliche, Vermittlung von Familienpaten).<\/p>\n<p>&#8211; das Programm FIPS (Hilfen bei Schwierigkeiten im Umgang mit S\u00e4uglingen und Kleinkindern)<\/p>\n<p>&#8211; das Familienhebammenprojekt. Die Familienhebammen gehen in die Familien und stehen ihnen in gesundheitlichen und sozialen Fragen zur Seite. Anja Maiwald aus Kattenvenne ist Familienhebamme und arbeitet in diesem Projekt.<\/p>\n<p>Ein \u201eVerh\u00fctungsfonds\u201c des Kreises Steinfurt unterst\u00fctzt bei Bed\u00fcrftigen eine Langzeit-Schwangerschaftsverh\u00fctung, also Spirale und Sterilisation. Dieser Fonds ist meist bereits vor Mitte eines Jahres aufgebraucht, daher m\u00f6glichst zu Jahresbeginn beantragen. Es muss ein Eigenanteil von 10% aufgebracht werden. Die Frauen k\u00f6nnen sich an die Au\u00dfenstelle der Beratungsstelle in Lengerich wenden.<br \/>\nBeim Diakonischen Werk k\u00f6nnen (kleine) finanzielle Zusch\u00fcsse bei der Geburt eines Kindes beantragt werden.<br \/>\nWeitere anerkannte Beratungsstellen in der N\u00e4he sind:<br \/>\n&#8211; Sozialdienst Katholischer Frauen SKf (Caritas) in Ibbenb\u00fcren und Rheine<\/p>\n<p>&#8211; Donum vitae in Rheine<\/p>\n<p>&#8211; eine kleine Au\u00dfenstelle von pro familia in Emsdetten<\/p>\n<p>Profamilia hat eine Brosch\u00fcre zur Schwangerschaftsverh\u00fctung in deutsch\/arabisch herausgebracht: https:\/\/www.profamilia.de\/fileadmin\/publikationen\/Erwachsene\/mehrsprachig\/verhuetung_arabisch.pdf<\/p>\n<p>4. Ausstellen der Geburtsurkunden f\u00fcr die Neugeborenen<br \/>\nBei einer Geburt erhalten die Eltern bzw. die Mutter vom Krankenhaus oder von der Hebamme eine sog. Geburtsbescheinigung. Gut Aufheben!! Meist ist dabei ein Hinweis auf das zust\u00e4ndige Standesamt, bei dem die Geburtsurkunde ausgestellt wird.<br \/>\nDie Anmeldung beim Standesamt muss eigentlich innerhalb einer Woche geschehen. Da meist viele Papiere fehlen, ist es sinnvoll, sich schnell telefonisch mit dem Standesamt in Verbindung zu setzen, um das weitere Vorgehen abzusprechen.<\/p>\n<p>Zum Ausstellen der Geburtsurkunde werden ben\u00f6tigt:<br \/>\n. Die Geburtsbescheinigung (siehe oben)<\/p>\n<p>. Geburtsurkunden der Mutter und des Vaters. Stattdessen kann es auch ein Familienstammbuch sein. Bei arabisch ausgestellten Dokumenten, aber auch bei vielen anderen Sprachen ben\u00f6tigt man daf\u00fcr eine amtliche \u00dcbersetzung. Hilfe: \u00dcbersetzungsb\u00fcro Sprachlos, M\u00fcnster: http:\/\/www.sprachlos-ms.de\/ Amtliche \u00dcbersetzungen sind nicht ganz billig. Die Fl\u00fcchtlingshilfe \u00fcbernimmt meist einen Teil der Kosten.<\/p>\n<p>. Liegt kein Familienstammbuch vor, wird h\u00e4ufig eine Heiratsurkunde ggf. in amtlicher \u00dcbersetzung verlangt.<\/p>\n<p>. Einen amtlichen Ausweis mit Lichtbild von Vater und Mutter, es sei denn, im Familienstammbuch sind Lichtbilder enthalten. Ggf. muss auch hier eine amtliche \u00dcbersetzung vorgelegt werden.<\/p>\n<p>Problem: Bei Fl\u00fcchtlingen ohne Anerkennung des Fl\u00fcchtlingsstatus liegen die Ausweise meist beim BAMF. Hier bei\u00dfen sich Asylrecht und Melderecht. Oft haben die Fl\u00fcchtlinge eine Kopie des Ausweises und die wird vom Standesamt &#8211; oft &#8211; anerkannt. Im Notfall muss \u00fcber die Gemeinde versucht werden, die Ausweise oder eine Kopie zu erhalten. Geht das nicht, wird eine andere Art von Geburtsurkunde ausgestellt.<\/p>\n<p>. Die Festlegung zum Namen kann von den Eltern auf dem Standesamt ausgef\u00fcllt werden.<\/p>\n<p>Es ist sinnvoll, sich mit dem Standesamt in Verbindung zu setzen, um genau abzukl\u00e4ren, welche Papiere von den Eltern ben\u00f6tigt werden und ob die vorliegenden Papiere den Anforderungen des Standesamtes gen\u00fcgen. Tipp: Dokumente einscannen oder fotografieren und dem Standesamt per Mail zukommen lassen. Erst wenn von dort das o.k. vorliegt, ist es sinnvoll, mit den Fl\u00fcchtlingen zum Standesamt zu fahren. Dabei m\u00fcssen wegen der Namensfestlegung beide Eltern erscheinen.<\/p>\n<p>Kinder von Asylbewerbern erhalten die Staatsb\u00fcrgerschaft ihrer Eltern.<\/p>\n<p>5. Verschiedenes<br \/>\nOft rauchen die Eltern in den kleinen Wohnungen und belasten dabei ihre Kinder. Als Ehrenamtliche sollten wir die Eltern \u00fcber die Risiken des Passivrauchens informieren.<br \/>\nIn Lengerich gibt es neben den Gyn\u00e4kologinnen Dr. Charfreitag\/Dr. Hodak (Bahnhofstra\u00dfe 13) auch die Praxis von Dr. Corinna Sp\u00e4th (Kirchpatt 3).<\/p>\n","protected":false},"excerpt":{"rendered":"<p>Hilfreiche Links &#8211; Informationen Hilfreiche Links (nach Datum des Eingangs) Hier geht es zu Informationen f\u00fcr die Betreuung von Schwangeren und jungen M\u00fcttern Hilfreiche Links https:\/\/www.hanisauland.de\/lexikon\/lexikon-arabisch\/ &#8211; Die Bundeszentrale f\u00fcr politische Bildung vermittelt Kindern und Jugendlichen spielerisch die Welt der Politik, nicht nur auf arabisch http:\/\/www.innatura.org\/ &#8211; Innatura vermittelt Sachspenden f\u00fcr soziale Zwecke https:\/\/www.anerkennung-in-deutschland.de\/html\/de\/ &#8211; [&hellip;]<\/p>\n","protected":false},"author":2,"featured_media":0,"parent":0,"menu_order":8,"comment_status":"closed","ping_status":"closed","template":"","meta":{"footnotes":""},"class_list":["post-439","page","type-page","status-publish","hentry"],"_links":{"self":[{"href":"http:\/\/begegnung-lienen.de\/index.php?rest_route=\/wp\/v2\/pages\/439"}],"collection":[{"href":"http:\/\/begegnung-lienen.de\/index.php?rest_route=\/wp\/v2\/pages"}],"about":[{"href":"http:\/\/begegnung-lienen.de\/index.php?rest_route=\/wp\/v2\/types\/page"}],"author":[{"embeddable":true,"href":"http:\/\/begegnung-lienen.de\/index.php?rest_route=\/wp\/v2\/users\/2"}],"replies":[{"embeddable":true,"href":"http:\/\/begegnung-lienen.de\/index.php?rest_route=%2Fwp%2Fv2%2Fcomments&post=439"}],"version-history":[{"count":36,"href":"http:\/\/begegnung-lienen.de\/index.php?rest_route=\/wp\/v2\/pages\/439\/revisions"}],"predecessor-version":[{"id":675,"href":"http:\/\/begegnung-lienen.de\/index.php?rest_route=\/wp\/v2\/pages\/439\/revisions\/675"}],"wp:attachment":[{"href":"http:\/\/begegnung-lienen.de\/index.php?rest_route=%2Fwp%2Fv2%2Fmedia&parent=439"}],"curies":[{"name":"wp","href":"https:\/\/api.w.org\/{rel}","templated":true}]}}